{"id":84,"date":"2025-08-28T16:07:03","date_gmt":"2025-08-28T21:07:03","guid":{"rendered":"https:\/\/isil.pe\/convalida\/?page_id=84"},"modified":"2025-08-28T16:24:46","modified_gmt":"2025-08-28T21:24:46","slug":"terminos-y-condiciones","status":"publish","type":"page","link":"https:\/\/isil.pe\/convalida\/terminos-y-condiciones\/","title":{"rendered":"T\u00e9rminos y Condiciones"},"content":{"rendered":"\t\t<div data-elementor-type=\"wp-page\" data-elementor-id=\"84\" class=\"elementor elementor-84\" data-elementor-post-type=\"page\">\n\t\t\t\t<div class=\"elementor-element elementor-element-a07ce83 e-flex e-con-boxed e-con e-parent\" data-id=\"a07ce83\" data-element_type=\"container\" data-e-type=\"container\">\n\t\t\t\t\t<div class=\"e-con-inner\">\n\t\t<div class=\"elementor-element elementor-element-7a3429f e-con-full e-flex e-con e-child\" data-id=\"7a3429f\" data-element_type=\"container\" data-e-type=\"container\">\n\t\t\t\t<div class=\"elementor-element elementor-element-db4c308 elementor-widget elementor-widget-heading\" data-id=\"db4c308\" data-element_type=\"widget\" data-e-type=\"widget\" data-widget_type=\"heading.default\">\n\t\t\t\t\t<h1 class=\"elementor-heading-title elementor-size-default\">T\u00c9RMINOS Y CONDICIONES<\/h1>\t\t\t\t<\/div>\n\t\t\t\t<div class=\"elementor-element elementor-element-587b372 elementor-widget elementor-widget-heading\" data-id=\"587b372\" data-element_type=\"widget\" data-e-type=\"widget\" data-widget_type=\"heading.default\">\n\t\t\t\t\t<div class=\"elementor-heading-title elementor-size-default\">INSTITUTO SUPERIOR SAN IGNACIO DE LOYOLA<\/div>\t\t\t\t<\/div>\n\t\t\t\t<div class=\"elementor-element elementor-element-77a9caa elementor-widget elementor-widget-heading\" data-id=\"77a9caa\" data-element_type=\"widget\" data-e-type=\"widget\" data-widget_type=\"heading.default\">\n\t\t\t\t\t<h2 class=\"elementor-heading-title elementor-size-default\">POL\u00cdTICA DE PROTECCI\u00d3N DE DATOS PERSONALES Y PRIVACIDAD<\/h2>\t\t\t\t<\/div>\n\t\t\t\t<\/div>\n\t\t<div class=\"elementor-element elementor-element-f970595 e-con-full e-flex e-con e-child\" data-id=\"f970595\" data-element_type=\"container\" data-e-type=\"container\">\n\t\t\t\t<div class=\"elementor-element elementor-element-eb4cac5 elementor-widget elementor-widget-heading\" data-id=\"eb4cac5\" data-element_type=\"widget\" data-e-type=\"widget\" data-widget_type=\"heading.default\">\n\t\t\t\t\t<h3 class=\"elementor-heading-title elementor-size-default\">1. DISPOSICIONES GENERALES<\/h3>\t\t\t\t<\/div>\n\t\t\t\t<div class=\"elementor-element elementor-element-3a031d1 elementor-widget elementor-widget-text-editor\" data-id=\"3a031d1\" data-element_type=\"widget\" data-e-type=\"widget\" data-widget_type=\"text-editor.default\">\n\t\t\t\t\t\t\t\t\t<p>La presente tiene por objeto facilitar y comunicar al p\u00fablico en general y a los usuarios de Internet interesados en los servicios y contenidos de nuestra instituci\u00f3n, en adelante, los \u201cUsuarios\u201d, la pol\u00edtica de protecci\u00f3n de datos personales y privacidad aplicada por el Instituto Superior San Ignacio de Loyola (en adelante ISIL).<\/p><p>Dicha pol\u00edtica es de aplicaci\u00f3n a toda la informaci\u00f3n ingresada a trav\u00e9s del sitio web www.isil.pe (en adelante, el \u201cSitio Web\u201d o \u201cp\u00e1gina Web\u201d), as\u00ed como de cualquier otro sitio web que ISIL ponga a disposici\u00f3n de los \u201cUsuarios\u201d.<\/p><p>La presente pol\u00edtica, autorizaciones y procedimientos, se desarrollan en cumplimiento de la Ley No. 29733, su Reglamento y normas modificatorias o complementarias.<\/p>\t\t\t\t\t\t\t\t<\/div>\n\t\t\t\t<div class=\"elementor-element elementor-element-6f2d9b9 elementor-widget elementor-widget-heading\" data-id=\"6f2d9b9\" data-element_type=\"widget\" data-e-type=\"widget\" data-widget_type=\"heading.default\">\n\t\t\t\t\t<h3 class=\"elementor-heading-title elementor-size-default\">2. CONSENTIMIENTO DEL USUARIO<\/h3>\t\t\t\t<\/div>\n\t\t\t\t<div class=\"elementor-element elementor-element-c0e700f elementor-widget elementor-widget-text-editor\" data-id=\"c0e700f\" data-element_type=\"widget\" data-e-type=\"widget\" data-widget_type=\"text-editor.default\">\n\t\t\t\t\t\t\t\t\tMediante su registro en nuestra p\u00e1gina web, el usuario otorga su consentimiento informado, previo, libre, expreso e indefinido y autoriza expresamente a ISIL para recopilar, registrar, organizar, almacenar, conservar, elaborar, modificar, extraer, consultar, utilizar, bloquear, suprimir, comunicar por transferencia o por difusi\u00f3n o cualquier otra forma de procesamiento que facilite el acceso, correlaci\u00f3n o interconexi\u00f3n de su datos personales, as\u00ed como su incorporaci\u00f3n a bases de datos administradas o de titularidad de ISIL, y en general a hacer uso y realizar el tratamiento de los datos personales que le proporcione, as\u00ed como de la informaci\u00f3n que se derive de su uso y de cualquier informaci\u00f3n p\u00fablica o que pudiera recoger de fuentes de acceso p\u00fablico. Asimismo, otorga su consentimiento para transferir, a nivel nacional o internacional, los datos personales a terceros, sean vinculados o no a ISIL.\n\nDe acuerdo a las regulaciones vigentes, se entiende que al cliquear la barra \u201cregistrar\u201d y\/o \u201caceptar\u201d y\/o cualquier otra definici\u00f3n similar, al momento de ingresar, el titular de los datos ha manifestado su consentimiento a los t\u00e9rminos antes se\u00f1alados.\t\t\t\t\t\t\t\t<\/div>\n\t\t\t\t<div class=\"elementor-element elementor-element-2891cc6 elementor-widget elementor-widget-heading\" data-id=\"2891cc6\" data-element_type=\"widget\" data-e-type=\"widget\" data-widget_type=\"heading.default\">\n\t\t\t\t\t<h3 class=\"elementor-heading-title elementor-size-default\">3. FINALIDAD<\/h3>\t\t\t\t<\/div>\n\t\t\t\t<div class=\"elementor-element elementor-element-606d26c elementor-widget elementor-widget-text-editor\" data-id=\"606d26c\" data-element_type=\"widget\" data-e-type=\"widget\" data-widget_type=\"text-editor.default\">\n\t\t\t\t\t\t\t\t\t<p>Los datos personales recabados ser\u00e1n utilizados estrictamente para identificaci\u00f3n, localizaci\u00f3n, comunicaci\u00f3n, env\u00edo de informaci\u00f3n y publicidad relacionada a los servicios que brinda ISIL; as\u00ed como para la elaboraci\u00f3n de bases de datos que ser\u00e1n utilizadas para ofrecer productos y\/o servicios de ISIL que pudieran ser de tu inter\u00e9s y\/o de terceros que se promocionen o publiciten por tu intermedio, as\u00ed como su transmisi\u00f3n a terceros por cualquier medio que permita la Ley 29733 y dem\u00e1s leyes que resulten aplicables. En ese sentido, el usuario autoriza a ISIL para que le env\u00ede todo tipo de comunicaci\u00f3n o publicidad comercial sobre otros productos, servicios y eventos que puedan ser de inter\u00e9s para los usuarios del sitio web, la comunicaci\u00f3n podr\u00e1 ser remitida v\u00eda correo electr\u00f3nico, tel\u00e9fono, mensajes de texto o cualquier otro medio de comunicaci\u00f3n.<\/p><p>La temporalidad del manejo de los datos personales y\/o datos sensibles ser\u00e1 indefinida a partir de la fecha en que fueron registrados en la base de datos de ISIL.<\/p><p>El usuario declara haber recibido toda la informaci\u00f3n necesaria para el ejercicio libre y voluntario de su derecho de informaci\u00f3n, no obstante ello, en caso requerir informaci\u00f3n adicional podr\u00e1 contactarse por el correo: marketing@isil.pe<\/p>\t\t\t\t\t\t\t\t<\/div>\n\t\t\t\t<div class=\"elementor-element elementor-element-1521a0b elementor-widget elementor-widget-heading\" data-id=\"1521a0b\" data-element_type=\"widget\" data-e-type=\"widget\" data-widget_type=\"heading.default\">\n\t\t\t\t\t<h3 class=\"elementor-heading-title elementor-size-default\">4. SEGURIDAD<\/h3>\t\t\t\t<\/div>\n\t\t\t\t<div class=\"elementor-element elementor-element-b864dd5 elementor-widget elementor-widget-text-editor\" data-id=\"b864dd5\" data-element_type=\"widget\" data-e-type=\"widget\" data-widget_type=\"text-editor.default\">\n\t\t\t\t\t\t\t\t\tISIL garantiza el mantenimiento de la confidencialidad y el tratamiento seguro de los datos personales, incluyendo el resguardo en las transferencias de datos personales que se realicen, para tal efecto ha implementado los procesos y mecanismos de seguridad apropiados para el resguardo de la informaci\u00f3n conforme a las regulaciones sobre la Protecci\u00f3n de Datos Personales, con el objeto de evitar la p\u00e9rdida, mal uso, alteraci\u00f3n, acceso no autorizado y robo de los datos que el usuario facilite.\t\t\t\t\t\t\t\t<\/div>\n\t\t\t\t<div class=\"elementor-element elementor-element-16c5fba elementor-widget elementor-widget-heading\" data-id=\"16c5fba\" data-element_type=\"widget\" data-e-type=\"widget\" data-widget_type=\"heading.default\">\n\t\t\t\t\t<h3 class=\"elementor-heading-title elementor-size-default\">5. COOKIES, IPS E HIPERLINKS<\/h3>\t\t\t\t<\/div>\n\t\t\t\t<div class=\"elementor-element elementor-element-9018e7a elementor-widget elementor-widget-text-editor\" data-id=\"9018e7a\" data-element_type=\"widget\" data-e-type=\"widget\" data-widget_type=\"text-editor.default\">\n\t\t\t\t\t\t\t\t\tEl usuario acepta el uso de cookies y seguimientos de IPs. Nuestro analizador de tr\u00e1fico del site utiliza cookies y seguimientos de IPs que nos permiten recoger datos a efectos estad\u00edsticos como: fecha de la primera visita, n\u00famero de veces que se ha visitado, fecha de la \u00faltima visita, URL y dominio de la que proviene, explorador utilizado y resoluci\u00f3n de la pantalla. El usuario si lo desea puede desactivar y\/o eliminar estas cookies siguiendo las instrucciones de su navegador de Internet.\n\nISIL no utiliza t\u00e9cnicas de Spamming y \u00fanicamente tratar\u00e1 los datos que el usuario transmita mediante los formularios electr\u00f3nicos habilitados en este sitio web o mensajes de correo electr\u00f3nico.\n\nEste sitio podr\u00eda contener links a p\u00e1ginas web de las que ISIL no es due\u00f1o, no controla o mantiene. No podemos hacernos responsables por sus pol\u00edticas o pr\u00e1cticas de privacidad y no representamos ni garantizamos las pol\u00edticas de privacidad de esas p\u00e1ginas web. De igual modo, no somos responsables por las pol\u00edticas o pr\u00e1cticas de ning\u00fan sitio desde el cual usted se conect\u00f3 con nuestra p\u00e1gina. Recomendamos que verifique la pol\u00edtica de privacidad de los otros sitios web y que se comunique con el operador si tuviese alguna duda o pregunta.\t\t\t\t\t\t\t\t<\/div>\n\t\t\t\t<div class=\"elementor-element elementor-element-cd68f3d elementor-widget elementor-widget-heading\" data-id=\"cd68f3d\" data-element_type=\"widget\" data-e-type=\"widget\" data-widget_type=\"heading.default\">\n\t\t\t\t\t<h3 class=\"elementor-heading-title elementor-size-default\">6. DERECHO DE OPOSICI\u00d3N, CORRECCI\u00d3N, ACTUALIZACI\u00d3N Y CANCELACI\u00d3N DE DATOS<\/h3>\t\t\t\t<\/div>\n\t\t\t\t<div class=\"elementor-element elementor-element-fe2ee28 elementor-widget elementor-widget-text-editor\" data-id=\"fe2ee28\" data-element_type=\"widget\" data-e-type=\"widget\" data-widget_type=\"text-editor.default\">\n\t\t\t\t\t\t\t\t\tEl usuario declara conocer sus derechos conforme a la legislaci\u00f3n sobre datos personales y en tal sentido, reconoce que puede ejercer los derechos de informaci\u00f3n, acceso, actualizaci\u00f3n, inclusi\u00f3n, rectificaci\u00f3n, supresi\u00f3n y oposici\u00f3n sobre sus datos personales, enviando una comunicaci\u00f3n al correo: marketing@isil.pe\t\t\t\t\t\t\t\t<\/div>\n\t\t\t\t<div class=\"elementor-element elementor-element-c68874c elementor-widget elementor-widget-heading\" data-id=\"c68874c\" data-element_type=\"widget\" data-e-type=\"widget\" data-widget_type=\"heading.default\">\n\t\t\t\t\t<h3 class=\"elementor-heading-title elementor-size-default\">7. MODIFICACI\u00d3N DE LA PRESENTE POL\u00cdTICA DE PRIVACIDAD<\/h3>\t\t\t\t<\/div>\n\t\t\t\t<div class=\"elementor-element elementor-element-c82dfd7 elementor-widget elementor-widget-text-editor\" data-id=\"c82dfd7\" data-element_type=\"widget\" data-e-type=\"widget\" data-widget_type=\"text-editor.default\">\n\t\t\t\t\t\t\t\t\tISIL se reserva el derecho a modificar la presente pol\u00edtica en cualquier momento, adecu\u00e1ndola a las pr\u00e1cticas de la industria o nuevos servicios, respetando las disposiciones legales vigentes.\t\t\t\t\t\t\t\t<\/div>\n\t\t\t\t<\/div>\n\t\t\t\t\t<\/div>\n\t\t\t\t<\/div>\n\t\t\t\t<\/div>\n\t\t","protected":false},"excerpt":{"rendered":"<p>T\u00c9RMINOS Y CONDICIONES INSTITUTO SUPERIOR SAN IGNACIO DE LOYOLA POL\u00cdTICA DE PROTECCI\u00d3N DE DATOS PERSONALES Y PRIVACIDAD 1. DISPOSICIONES GENERALES La presente tiene por objeto facilitar y comunicar al p\u00fablico en general y a los usuarios de Internet interesados en los servicios y contenidos de nuestra instituci\u00f3n, en adelante, los \u201cUsuarios\u201d, la pol\u00edtica de protecci\u00f3n [&hellip;]<\/p>\n","protected":false},"author":1,"featured_media":0,"parent":0,"menu_order":0,"comment_status":"closed","ping_status":"closed","template":"elementor_header_footer","meta":{"_acf_changed":false,"footnotes":""},"class_list":["post-84","page","type-page","status-publish","hentry"],"acf":[],"_links":{"self":[{"href":"https:\/\/isil.pe\/convalida\/wp-json\/wp\/v2\/pages\/84","targetHints":{"allow":["GET"]}}],"collection":[{"href":"https:\/\/isil.pe\/convalida\/wp-json\/wp\/v2\/pages"}],"about":[{"href":"https:\/\/isil.pe\/convalida\/wp-json\/wp\/v2\/types\/page"}],"author":[{"embeddable":true,"href":"https:\/\/isil.pe\/convalida\/wp-json\/wp\/v2\/users\/1"}],"replies":[{"embeddable":true,"href":"https:\/\/isil.pe\/convalida\/wp-json\/wp\/v2\/comments?post=84"}],"version-history":[{"count":22,"href":"https:\/\/isil.pe\/convalida\/wp-json\/wp\/v2\/pages\/84\/revisions"}],"predecessor-version":[{"id":109,"href":"https:\/\/isil.pe\/convalida\/wp-json\/wp\/v2\/pages\/84\/revisions\/109"}],"wp:attachment":[{"href":"https:\/\/isil.pe\/convalida\/wp-json\/wp\/v2\/media?parent=84"}],"curies":[{"name":"wp","href":"https:\/\/api.w.org\/{rel}","templated":true}]}}