{"id":4965,"date":"2026-04-22T16:43:17","date_gmt":"2026-04-22T21:43:17","guid":{"rendered":"https:\/\/isilbeneficios.test\/?page_id=4965"},"modified":"2026-04-27T15:59:58","modified_gmt":"2026-04-27T20:59:58","slug":"beneficios","status":"publish","type":"page","link":"https:\/\/isil.pe\/beneficios\/beneficios\/","title":{"rendered":"Beneficios"},"content":{"rendered":"\t\t<div data-elementor-type=\"wp-page\" data-elementor-id=\"4965\" class=\"elementor elementor-4965\" data-elementor-post-type=\"page\">\n\t\t\t\t<div class=\"elementor-element elementor-element-ccb17ce e-flex e-con-boxed e-con e-parent\" data-id=\"ccb17ce\" data-element_type=\"container\" data-e-type=\"container\">\n\t\t\t\t\t<div class=\"e-con-inner\">\n\t\t\t\t<div class=\"elementor-element elementor-element-45adbb7 elementor-widget elementor-widget-heading\" data-id=\"45adbb7\" data-element_type=\"widget\" data-e-type=\"widget\" data-widget_type=\"heading.default\">\n\t\t\t\t<div class=\"elementor-widget-container\">\n\t\t\t\t\t<h2 class=\"elementor-heading-title elementor-size-default\">Beneficios exclusivos para ti<\/h2>\t\t\t\t<\/div>\n\t\t\t\t<\/div>\n\t\t\t\t<div class=\"elementor-element elementor-element-9de7677 elementor-widget elementor-widget-text-editor\" data-id=\"9de7677\" data-element_type=\"widget\" data-e-type=\"widget\" data-widget_type=\"text-editor.default\">\n\t\t\t\t<div class=\"elementor-widget-container\">\n\t\t\t\t\t\t\t\t\t<p>Como alumno de ISIL contar\u00e1s con un carnet digital que te brinda descuentos en distintos negocios durante el tiempo que estudies en ISIL. As\u00ed contar\u00e1s con beneficios especiales en restaurantes, gimnasios y m\u00faltiples servicios exclusivos para ti.<\/p>\t\t\t\t\t\t\t\t<\/div>\n\t\t\t\t<\/div>\n\t\t\t\t<div class=\"elementor-element elementor-element-4648f11 elementor-widget elementor-widget-shortcode\" data-id=\"4648f11\" data-element_type=\"widget\" data-e-type=\"widget\" data-widget_type=\"shortcode.default\">\n\t\t\t\t<div class=\"elementor-widget-container\">\n\t\t\t\t\t\t\t<div class=\"elementor-shortcode\">        <div class=\"bii-benefits-list\" data-current=\"1\" data-pages=\"3\">\n            <p class=\"bii-benefits-list__counter\" aria-live=\"polite\">35 Resultados encontrados (Mostrando 1 - 12)<\/p>\n            <div class=\"bii-results-grid bii-grid-cols-4\">\n                        <a class=\"bii-card\" href=\"https:\/\/isil.pe\/beneficios\/beneficio\/toku-sushi-4\/\">\n            <div class=\"bii-image-wrap\">\n                                <img fetchpriority=\"high\" decoding=\"async\" width=\"768\" height=\"432\" src=\"https:\/\/isil.pe\/beneficios\/wp-content\/uploads\/2026\/04\/combo-4-H-768x432.png\" class=\"attachment-medium_large size-medium_large\" alt=\"\" \/>            <\/div>\n            <div class=\"bii-card-meta\">\n                <div class=\"bii-provider-logo\"><img decoding=\"async\" width=\"2500\" height=\"2500\" src=\"https:\/\/isil.pe\/beneficios\/wp-content\/uploads\/2026\/04\/LOGO_TOKU-2500x2500-1.png\" class=\"attachment-full size-full\" alt=\"\" \/><\/div>\n                <h3>Toku Sushi<\/h3>\n            <\/div>\n        <\/a>\n                <a class=\"bii-card\" href=\"https:\/\/isil.pe\/beneficios\/beneficio\/toku-sushi-3\/\">\n            <div class=\"bii-image-wrap\">\n                                <img decoding=\"async\" width=\"768\" height=\"432\" src=\"https:\/\/isil.pe\/beneficios\/wp-content\/uploads\/2026\/04\/como-3-H-768x432.png\" class=\"attachment-medium_large size-medium_large\" alt=\"\" \/>            <\/div>\n            <div class=\"bii-card-meta\">\n                <div class=\"bii-provider-logo\"><img decoding=\"async\" width=\"2500\" height=\"2500\" src=\"https:\/\/isil.pe\/beneficios\/wp-content\/uploads\/2026\/04\/LOGO_TOKU-2500x2500-1.png\" class=\"attachment-full size-full\" alt=\"\" \/><\/div>\n                <h3>Toku Sushi<\/h3>\n            <\/div>\n        <\/a>\n                <a class=\"bii-card\" href=\"https:\/\/isil.pe\/beneficios\/beneficio\/toku-sushi-2\/\">\n            <div class=\"bii-image-wrap\">\n                                <img loading=\"lazy\" decoding=\"async\" width=\"768\" height=\"432\" src=\"https:\/\/isil.pe\/beneficios\/wp-content\/uploads\/2026\/04\/combo-2-H-768x432.png\" class=\"attachment-medium_large size-medium_large\" alt=\"\" \/>            <\/div>\n            <div class=\"bii-card-meta\">\n                <div class=\"bii-provider-logo\"><img decoding=\"async\" width=\"2500\" height=\"2500\" src=\"https:\/\/isil.pe\/beneficios\/wp-content\/uploads\/2026\/04\/LOGO_TOKU-2500x2500-1.png\" class=\"attachment-full size-full\" alt=\"\" \/><\/div>\n                <h3>Toku Sushi<\/h3>\n            <\/div>\n        <\/a>\n                <a class=\"bii-card\" href=\"https:\/\/isil.pe\/beneficios\/beneficio\/toku-sushi\/\">\n            <div class=\"bii-image-wrap\">\n                                <img loading=\"lazy\" decoding=\"async\" width=\"768\" height=\"432\" src=\"https:\/\/isil.pe\/beneficios\/wp-content\/uploads\/2026\/04\/combo-1-H-768x432.png\" class=\"attachment-medium_large size-medium_large\" alt=\"\" \/>            <\/div>\n            <div class=\"bii-card-meta\">\n                <div class=\"bii-provider-logo\"><img decoding=\"async\" width=\"2500\" height=\"2500\" src=\"https:\/\/isil.pe\/beneficios\/wp-content\/uploads\/2026\/04\/LOGO_TOKU-2500x2500-1.png\" class=\"attachment-full size-full\" alt=\"\" \/><\/div>\n                <h3>Toku Sushi<\/h3>\n            <\/div>\n        <\/a>\n                <a class=\"bii-card\" href=\"https:\/\/isil.pe\/beneficios\/beneficio\/don-guto-coffee\/\">\n            <div class=\"bii-image-wrap\">\n                                <img loading=\"lazy\" decoding=\"async\" width=\"768\" height=\"432\" src=\"https:\/\/isil.pe\/beneficios\/wp-content\/uploads\/2026\/04\/Hamburguesa-960x540-px-768x432.jpg\" class=\"attachment-medium_large size-medium_large\" alt=\"\" \/>            <\/div>\n            <div class=\"bii-card-meta\">\n                <div class=\"bii-provider-logo\"><img loading=\"lazy\" decoding=\"async\" width=\"512\" height=\"512\" src=\"https:\/\/isil.pe\/beneficios\/wp-content\/uploads\/2026\/04\/LOGO-DON-GUTO-512x512-px-PNG.png\" class=\"attachment-full size-full\" alt=\"\" \/><\/div>\n                <h3>Don Guto Coffee<\/h3>\n            <\/div>\n        <\/a>\n                <a class=\"bii-card\" href=\"https:\/\/isil.pe\/beneficios\/beneficio\/oriunda-cafeteria\/\">\n            <div class=\"bii-image-wrap\">\n                <span class=\"bii-promo-tag\">15%<\/span>                <img loading=\"lazy\" decoding=\"async\" width=\"768\" height=\"769\" src=\"https:\/\/isil.pe\/beneficios\/wp-content\/uploads\/2026\/04\/Fotos-03-768x769.jpg\" class=\"attachment-medium_large size-medium_large\" alt=\"\" \/>            <\/div>\n            <div class=\"bii-card-meta\">\n                <div class=\"bii-provider-logo\"><img loading=\"lazy\" decoding=\"async\" width=\"513\" height=\"513\" src=\"https:\/\/isil.pe\/beneficios\/wp-content\/uploads\/2026\/04\/Logo-512x512-1.jpeg\" class=\"attachment-full size-full\" alt=\"\" \/><\/div>\n                <h3>Oriunda Cafeter\u00eda<\/h3>\n            <\/div>\n        <\/a>\n                <a class=\"bii-card\" href=\"https:\/\/isil.pe\/beneficios\/beneficio\/essence-protein-bar\/\">\n            <div class=\"bii-image-wrap\">\n                <span class=\"bii-promo-tag\">15%<\/span>                <img loading=\"lazy\" decoding=\"async\" width=\"768\" height=\"432\" src=\"https:\/\/isil.pe\/beneficios\/wp-content\/uploads\/2026\/04\/WhatsApp-Image-2026-04-05-at-8.43.16-PM-3-1-768x432.jpeg\" class=\"attachment-medium_large size-medium_large\" alt=\"\" \/>            <\/div>\n            <div class=\"bii-card-meta\">\n                <div class=\"bii-provider-logo\"><img loading=\"lazy\" decoding=\"async\" width=\"512\" height=\"512\" src=\"https:\/\/isil.pe\/beneficios\/wp-content\/uploads\/2026\/04\/ESSENCE-3-5.png\" class=\"attachment-full size-full\" alt=\"\" \/><\/div>\n                <h3>ESSENCE Protein bar<\/h3>\n            <\/div>\n        <\/a>\n                <a class=\"bii-card\" href=\"https:\/\/isil.pe\/beneficios\/beneficio\/punto-italiano\/\">\n            <div class=\"bii-image-wrap\">\n                                <img loading=\"lazy\" decoding=\"async\" width=\"768\" height=\"1024\" src=\"https:\/\/isil.pe\/beneficios\/wp-content\/uploads\/2026\/04\/WhatsApp-Image-2026-04-13-at-12.20.01-768x1024.jpeg\" class=\"attachment-medium_large size-medium_large\" alt=\"\" \/>            <\/div>\n            <div class=\"bii-card-meta\">\n                <div class=\"bii-provider-logo\"><img loading=\"lazy\" decoding=\"async\" width=\"1310\" height=\"730\" src=\"https:\/\/isil.pe\/beneficios\/wp-content\/uploads\/2026\/04\/Logo-Punto-Italiano.jpeg\" class=\"attachment-full size-full\" alt=\"\" \/><\/div>\n                <h3>Punto Italiano<\/h3>\n            <\/div>\n        <\/a>\n                <a class=\"bii-card\" href=\"https:\/\/isil.pe\/beneficios\/beneficio\/fiorini-3\/\">\n            <div class=\"bii-image-wrap\">\n                                <img loading=\"lazy\" decoding=\"async\" width=\"768\" height=\"1024\" src=\"https:\/\/isil.pe\/beneficios\/wp-content\/uploads\/2026\/03\/PASTAS-ISIL-2-768x1024.jpg\" class=\"attachment-medium_large size-medium_large\" alt=\"\" \/>            <\/div>\n            <div class=\"bii-card-meta\">\n                <div class=\"bii-provider-logo\"><img loading=\"lazy\" decoding=\"async\" width=\"512\" height=\"512\" src=\"https:\/\/isil.pe\/beneficios\/wp-content\/uploads\/2026\/03\/1.2-LOGO-FIORINI-512X512.jpg\" class=\"attachment-full size-full\" alt=\"\" \/><\/div>\n                <h3>Fiorini<\/h3>\n            <\/div>\n        <\/a>\n                <a class=\"bii-card\" href=\"https:\/\/isil.pe\/beneficios\/beneficio\/fiorini-2\/\">\n            <div class=\"bii-image-wrap\">\n                                <img loading=\"lazy\" decoding=\"async\" width=\"768\" height=\"1366\" src=\"https:\/\/isil.pe\/beneficios\/wp-content\/uploads\/2026\/03\/HAMBURGUESA-ISIL-768x1366.jpeg\" class=\"attachment-medium_large size-medium_large\" alt=\"\" \/>            <\/div>\n            <div class=\"bii-card-meta\">\n                <div class=\"bii-provider-logo\"><img loading=\"lazy\" decoding=\"async\" width=\"512\" height=\"512\" src=\"https:\/\/isil.pe\/beneficios\/wp-content\/uploads\/2026\/03\/1.2-LOGO-FIORINI-512X512.jpg\" class=\"attachment-full size-full\" alt=\"\" \/><\/div>\n                <h3>Fiorini<\/h3>\n            <\/div>\n        <\/a>\n                <a class=\"bii-card\" href=\"https:\/\/isil.pe\/beneficios\/beneficio\/fiorini\/\">\n            <div class=\"bii-image-wrap\">\n                                <img loading=\"lazy\" decoding=\"async\" width=\"768\" height=\"1024\" src=\"https:\/\/isil.pe\/beneficios\/wp-content\/uploads\/2026\/03\/PIZZAS-ISIL-2-768x1024.jpg\" class=\"attachment-medium_large size-medium_large\" alt=\"\" \/>            <\/div>\n            <div class=\"bii-card-meta\">\n                <div class=\"bii-provider-logo\"><img loading=\"lazy\" decoding=\"async\" width=\"512\" height=\"512\" src=\"https:\/\/isil.pe\/beneficios\/wp-content\/uploads\/2026\/03\/1.2-LOGO-FIORINI-512X512.jpg\" class=\"attachment-full size-full\" alt=\"\" \/><\/div>\n                <h3>Fiorini<\/h3>\n            <\/div>\n        <\/a>\n                <a class=\"bii-card\" href=\"https:\/\/isil.pe\/beneficios\/beneficio\/mercato-2\/\">\n            <div class=\"bii-image-wrap\">\n                <span class=\"bii-promo-tag\">30%<\/span>                <img loading=\"lazy\" decoding=\"async\" width=\"768\" height=\"432\" src=\"https:\/\/isil.pe\/beneficios\/wp-content\/uploads\/2026\/02\/ISIL-2-960-768x432.png\" class=\"attachment-medium_large size-medium_large\" alt=\"\" \/>            <\/div>\n            <div class=\"bii-card-meta\">\n                <div class=\"bii-provider-logo\"><img loading=\"lazy\" decoding=\"async\" width=\"512\" height=\"512\" src=\"https:\/\/isil.pe\/beneficios\/wp-content\/uploads\/2025\/10\/LOGO512.png\" class=\"attachment-full size-full\" alt=\"\" \/><\/div>\n                <h3>Mercato<\/h3>\n            <\/div>\n        <\/a>\n                    <\/div>\n                            <div class=\"bii-benefits-list__actions\">\n                    <button type=\"button\" class=\"bii-load-more-btn\">Cargar m\u00e1s ofertas<\/button>\n                <\/div>\n                    <\/div>\n        <\/div>\n\t\t\t\t\t\t<\/div>\n\t\t\t\t<\/div>\n\t\t\t\t\t<\/div>\n\t\t\t\t<\/div>\n\t\t<div class=\"elementor-element elementor-element-681e502 e-flex e-con-boxed e-con e-child\" data-id=\"681e502\" data-element_type=\"container\" data-e-type=\"container\">\n\t\t\t\t\t<div class=\"e-con-inner\">\n\t\t\t\t<div class=\"elementor-element elementor-element-b7c6013 elementor-widget elementor-widget-heading\" data-id=\"b7c6013\" data-element_type=\"widget\" data-e-type=\"widget\" data-widget_type=\"heading.default\">\n\t\t\t\t<div class=\"elementor-widget-container\">\n\t\t\t\t\t<div class=\"elementor-heading-title elementor-size-default\">ISIL te engr\u00ede con los beneficios m\u00e1s destacados<\/div>\t\t\t\t<\/div>\n\t\t\t\t<\/div>\n\t\t\t\t<div class=\"elementor-element elementor-element-3183691 elementor-widget elementor-widget-heading\" data-id=\"3183691\" data-element_type=\"widget\" data-e-type=\"widget\" data-widget_type=\"heading.default\">\n\t\t\t\t<div class=\"elementor-widget-container\">\n\t\t\t\t\t<div class=\"elementor-heading-title elementor-size-default\">\u00a1Descubre todo lo que tenemos para ti!<\/div>\t\t\t\t<\/div>\n\t\t\t\t<\/div>\n\t\t\t\t<div class=\"elementor-element elementor-element-8d3149e elementor-widget elementor-widget-shortcode\" data-id=\"8d3149e\" data-element_type=\"widget\" data-e-type=\"widget\" data-widget_type=\"shortcode.default\">\n\t\t\t\t<div class=\"elementor-widget-container\">\n\t\t\t\t\t\t\t<div class=\"elementor-shortcode\"><div class=\"bii-results-grid bii-grid-cols-4\">        <a class=\"bii-card\" href=\"https:\/\/isil.pe\/beneficios\/beneficio\/toku-sushi-4\/\">\n            <div class=\"bii-image-wrap\">\n                                <img fetchpriority=\"high\" decoding=\"async\" width=\"768\" height=\"432\" src=\"https:\/\/isil.pe\/beneficios\/wp-content\/uploads\/2026\/04\/combo-4-H-768x432.png\" class=\"attachment-medium_large size-medium_large\" alt=\"\" \/>            <\/div>\n            <div class=\"bii-card-meta\">\n                <div class=\"bii-provider-logo\"><img decoding=\"async\" width=\"2500\" height=\"2500\" src=\"https:\/\/isil.pe\/beneficios\/wp-content\/uploads\/2026\/04\/LOGO_TOKU-2500x2500-1.png\" class=\"attachment-full size-full\" alt=\"\" \/><\/div>\n                <h3>Toku Sushi<\/h3>\n            <\/div>\n        <\/a>\n                <a class=\"bii-card\" href=\"https:\/\/isil.pe\/beneficios\/beneficio\/toku-sushi-3\/\">\n            <div class=\"bii-image-wrap\">\n                                <img decoding=\"async\" width=\"768\" height=\"432\" src=\"https:\/\/isil.pe\/beneficios\/wp-content\/uploads\/2026\/04\/como-3-H-768x432.png\" class=\"attachment-medium_large size-medium_large\" alt=\"\" \/>            <\/div>\n            <div class=\"bii-card-meta\">\n                <div class=\"bii-provider-logo\"><img decoding=\"async\" width=\"2500\" height=\"2500\" src=\"https:\/\/isil.pe\/beneficios\/wp-content\/uploads\/2026\/04\/LOGO_TOKU-2500x2500-1.png\" class=\"attachment-full size-full\" alt=\"\" \/><\/div>\n                <h3>Toku Sushi<\/h3>\n            <\/div>\n        <\/a>\n                <a class=\"bii-card\" href=\"https:\/\/isil.pe\/beneficios\/beneficio\/toku-sushi-2\/\">\n            <div class=\"bii-image-wrap\">\n                                <img loading=\"lazy\" decoding=\"async\" width=\"768\" height=\"432\" src=\"https:\/\/isil.pe\/beneficios\/wp-content\/uploads\/2026\/04\/combo-2-H-768x432.png\" class=\"attachment-medium_large size-medium_large\" alt=\"\" \/>            <\/div>\n            <div class=\"bii-card-meta\">\n                <div class=\"bii-provider-logo\"><img decoding=\"async\" width=\"2500\" height=\"2500\" src=\"https:\/\/isil.pe\/beneficios\/wp-content\/uploads\/2026\/04\/LOGO_TOKU-2500x2500-1.png\" class=\"attachment-full size-full\" alt=\"\" \/><\/div>\n                <h3>Toku Sushi<\/h3>\n            <\/div>\n        <\/a>\n                <a class=\"bii-card\" href=\"https:\/\/isil.pe\/beneficios\/beneficio\/toku-sushi\/\">\n            <div class=\"bii-image-wrap\">\n                                <img loading=\"lazy\" decoding=\"async\" width=\"768\" height=\"432\" src=\"https:\/\/isil.pe\/beneficios\/wp-content\/uploads\/2026\/04\/combo-1-H-768x432.png\" class=\"attachment-medium_large size-medium_large\" alt=\"\" \/>            <\/div>\n            <div class=\"bii-card-meta\">\n                <div class=\"bii-provider-logo\"><img decoding=\"async\" width=\"2500\" height=\"2500\" src=\"https:\/\/isil.pe\/beneficios\/wp-content\/uploads\/2026\/04\/LOGO_TOKU-2500x2500-1.png\" class=\"attachment-full size-full\" alt=\"\" \/><\/div>\n                <h3>Toku Sushi<\/h3>\n            <\/div>\n        <\/a>\n        <\/div><\/div>\n\t\t\t\t\t\t<\/div>\n\t\t\t\t<\/div>\n\t\t\t\t\t<\/div>\n\t\t\t\t<\/div>\n\t\t\t\t<\/div>\n\t\t","protected":false},"excerpt":{"rendered":"<p>Beneficios exclusivos para ti Como alumno de ISIL contar\u00e1s con un carnet digital que te brinda descuentos en distintos negocios durante el tiempo que estudies en ISIL. As\u00ed contar\u00e1s con beneficios especiales en restaurantes, gimnasios y m\u00faltiples servicios exclusivos para ti. ISIL te engr\u00ede con los beneficios m\u00e1s destacados \u00a1Descubre todo lo que tenemos para [&hellip;]<\/p>\n","protected":false},"author":3,"featured_media":0,"parent":0,"menu_order":0,"comment_status":"closed","ping_status":"closed","template":"","meta":{"_acf_changed":false,"footnotes":""},"class_list":["post-4965","page","type-page","status-publish","hentry"],"acf":[],"_links":{"self":[{"href":"https:\/\/isil.pe\/beneficios\/wp-json\/wp\/v2\/pages\/4965","targetHints":{"allow":["GET"]}}],"collection":[{"href":"https:\/\/isil.pe\/beneficios\/wp-json\/wp\/v2\/pages"}],"about":[{"href":"https:\/\/isil.pe\/beneficios\/wp-json\/wp\/v2\/types\/page"}],"author":[{"embeddable":true,"href":"https:\/\/isil.pe\/beneficios\/wp-json\/wp\/v2\/users\/3"}],"replies":[{"embeddable":true,"href":"https:\/\/isil.pe\/beneficios\/wp-json\/wp\/v2\/comments?post=4965"}],"version-history":[{"count":100,"href":"https:\/\/isil.pe\/beneficios\/wp-json\/wp\/v2\/pages\/4965\/revisions"}],"predecessor-version":[{"id":5355,"href":"https:\/\/isil.pe\/beneficios\/wp-json\/wp\/v2\/pages\/4965\/revisions\/5355"}],"wp:attachment":[{"href":"https:\/\/isil.pe\/beneficios\/wp-json\/wp\/v2\/media?parent=4965"}],"curies":[{"name":"wp","href":"https:\/\/api.w.org\/{rel}","templated":true}]}}