{"id":4945,"date":"2026-04-22T15:51:50","date_gmt":"2026-04-22T20:51:50","guid":{"rendered":"https:\/\/isilbeneficios.test\/?page_id=4945"},"modified":"2026-04-27T17:32:18","modified_gmt":"2026-04-27T22:32:18","slug":"inicio","status":"publish","type":"page","link":"https:\/\/isil.pe\/beneficios\/","title":{"rendered":"inicio"},"content":{"rendered":"\t\t<div data-elementor-type=\"wp-page\" data-elementor-id=\"4945\" class=\"elementor elementor-4945\" data-elementor-post-type=\"page\">\n\t\t\t\t<div class=\"elementor-element elementor-element-95293fd e-flex e-con-boxed e-con e-parent\" data-id=\"95293fd\" data-element_type=\"container\" data-e-type=\"container\" data-settings=\"{&quot;background_background&quot;:&quot;classic&quot;}\">\n\t\t\t\t\t<div class=\"e-con-inner\">\n\t\t\t\t\t<\/div>\n\t\t\t\t<\/div>\n\t\t<div class=\"elementor-element elementor-element-d0fb735 e-flex e-con-boxed e-con e-parent\" data-id=\"d0fb735\" data-element_type=\"container\" data-e-type=\"container\">\n\t\t\t\t\t<div class=\"e-con-inner\">\n\t\t\t\t<div class=\"elementor-element elementor-element-3ec4583 elementor-widget elementor-widget-heading\" data-id=\"3ec4583\" data-element_type=\"widget\" data-e-type=\"widget\" data-widget_type=\"heading.default\">\n\t\t\t\t<div class=\"elementor-widget-container\">\n\t\t\t\t\t<h2 class=\"elementor-heading-title elementor-size-default\">Beneficios destacados<\/h2>\t\t\t\t<\/div>\n\t\t\t\t<\/div>\n\t\t\t\t<div class=\"elementor-element elementor-element-e6fed82 elementor-widget elementor-widget-shortcode\" data-id=\"e6fed82\" data-element_type=\"widget\" data-e-type=\"widget\" data-widget_type=\"shortcode.default\">\n\t\t\t\t<div class=\"elementor-widget-container\">\n\t\t\t\t\t\t\t<div class=\"elementor-shortcode\"><div class=\"bii-results-grid bii-grid-cols-4\">        <a class=\"bii-card\" href=\"https:\/\/isil.pe\/beneficios\/beneficio\/toku-sushi-4\/\">\r\n            <div class=\"bii-image-wrap\">\r\n                                <img fetchpriority=\"high\" decoding=\"async\" width=\"768\" height=\"432\" src=\"https:\/\/isil.pe\/beneficios\/wp-content\/uploads\/2026\/04\/combo-4-H-768x432.png\" class=\"attachment-medium_large size-medium_large\" alt=\"\" \/>            <\/div>\r\n            <div class=\"bii-card-meta\">\r\n                <div class=\"bii-provider-logo\"><img decoding=\"async\" width=\"2500\" height=\"2500\" src=\"https:\/\/isil.pe\/beneficios\/wp-content\/uploads\/2026\/04\/LOGO_TOKU-2500x2500-1.png\" class=\"attachment-full size-full\" alt=\"\" \/><\/div>\r\n                <h3>Toku Sushi<\/h3>\r\n            <\/div>\r\n        <\/a>\r\n                <a class=\"bii-card\" href=\"https:\/\/isil.pe\/beneficios\/beneficio\/toku-sushi-3\/\">\r\n            <div class=\"bii-image-wrap\">\r\n                                <img decoding=\"async\" width=\"768\" height=\"432\" src=\"https:\/\/isil.pe\/beneficios\/wp-content\/uploads\/2026\/04\/como-3-H-768x432.png\" class=\"attachment-medium_large size-medium_large\" alt=\"\" \/>            <\/div>\r\n            <div class=\"bii-card-meta\">\r\n                <div class=\"bii-provider-logo\"><img decoding=\"async\" width=\"2500\" height=\"2500\" src=\"https:\/\/isil.pe\/beneficios\/wp-content\/uploads\/2026\/04\/LOGO_TOKU-2500x2500-1.png\" class=\"attachment-full size-full\" alt=\"\" \/><\/div>\r\n                <h3>Toku Sushi<\/h3>\r\n            <\/div>\r\n        <\/a>\r\n                <a class=\"bii-card\" href=\"https:\/\/isil.pe\/beneficios\/beneficio\/toku-sushi-2\/\">\r\n            <div class=\"bii-image-wrap\">\r\n                                <img loading=\"lazy\" decoding=\"async\" width=\"768\" height=\"432\" src=\"https:\/\/isil.pe\/beneficios\/wp-content\/uploads\/2026\/04\/combo-2-H-768x432.png\" class=\"attachment-medium_large size-medium_large\" alt=\"\" \/>            <\/div>\r\n            <div class=\"bii-card-meta\">\r\n                <div class=\"bii-provider-logo\"><img decoding=\"async\" width=\"2500\" height=\"2500\" src=\"https:\/\/isil.pe\/beneficios\/wp-content\/uploads\/2026\/04\/LOGO_TOKU-2500x2500-1.png\" class=\"attachment-full size-full\" alt=\"\" \/><\/div>\r\n                <h3>Toku Sushi<\/h3>\r\n            <\/div>\r\n        <\/a>\r\n                <a class=\"bii-card\" href=\"https:\/\/isil.pe\/beneficios\/beneficio\/toku-sushi\/\">\r\n            <div class=\"bii-image-wrap\">\r\n                                <img loading=\"lazy\" decoding=\"async\" width=\"768\" height=\"432\" src=\"https:\/\/isil.pe\/beneficios\/wp-content\/uploads\/2026\/04\/combo-1-H-768x432.png\" class=\"attachment-medium_large size-medium_large\" alt=\"\" \/>            <\/div>\r\n            <div class=\"bii-card-meta\">\r\n                <div class=\"bii-provider-logo\"><img decoding=\"async\" width=\"2500\" height=\"2500\" src=\"https:\/\/isil.pe\/beneficios\/wp-content\/uploads\/2026\/04\/LOGO_TOKU-2500x2500-1.png\" class=\"attachment-full size-full\" alt=\"\" \/><\/div>\r\n                <h3>Toku Sushi<\/h3>\r\n            <\/div>\r\n        <\/a>\r\n                <a class=\"bii-card\" href=\"https:\/\/isil.pe\/beneficios\/beneficio\/don-guto-coffee\/\">\r\n            <div class=\"bii-image-wrap\">\r\n                                <img loading=\"lazy\" decoding=\"async\" width=\"768\" height=\"432\" src=\"https:\/\/isil.pe\/beneficios\/wp-content\/uploads\/2026\/04\/Hamburguesa-960x540-px-768x432.jpg\" class=\"attachment-medium_large size-medium_large\" alt=\"\" \/>            <\/div>\r\n            <div class=\"bii-card-meta\">\r\n                <div class=\"bii-provider-logo\"><img loading=\"lazy\" decoding=\"async\" width=\"512\" height=\"512\" src=\"https:\/\/isil.pe\/beneficios\/wp-content\/uploads\/2026\/04\/LOGO-DON-GUTO-512x512-px-PNG.png\" class=\"attachment-full size-full\" alt=\"\" \/><\/div>\r\n                <h3>Don Guto Coffee<\/h3>\r\n            <\/div>\r\n        <\/a>\r\n                <a class=\"bii-card\" href=\"https:\/\/isil.pe\/beneficios\/beneficio\/oriunda-cafeteria\/\">\r\n            <div class=\"bii-image-wrap\">\r\n                <span class=\"bii-promo-tag\">15%<\/span>                <img loading=\"lazy\" decoding=\"async\" width=\"768\" height=\"769\" src=\"https:\/\/isil.pe\/beneficios\/wp-content\/uploads\/2026\/04\/Fotos-03-768x769.jpg\" class=\"attachment-medium_large size-medium_large\" alt=\"\" \/>            <\/div>\r\n            <div class=\"bii-card-meta\">\r\n                <div class=\"bii-provider-logo\"><img loading=\"lazy\" decoding=\"async\" width=\"513\" height=\"513\" src=\"https:\/\/isil.pe\/beneficios\/wp-content\/uploads\/2026\/04\/Logo-512x512-1.jpeg\" class=\"attachment-full size-full\" alt=\"\" \/><\/div>\r\n                <h3>Oriunda Cafeter\u00eda<\/h3>\r\n            <\/div>\r\n        <\/a>\r\n                <a class=\"bii-card\" href=\"https:\/\/isil.pe\/beneficios\/beneficio\/essence-protein-bar\/\">\r\n            <div class=\"bii-image-wrap\">\r\n                <span class=\"bii-promo-tag\">15%<\/span>                <img loading=\"lazy\" decoding=\"async\" width=\"768\" height=\"432\" src=\"https:\/\/isil.pe\/beneficios\/wp-content\/uploads\/2026\/04\/WhatsApp-Image-2026-04-05-at-8.43.16-PM-3-1-768x432.jpeg\" class=\"attachment-medium_large size-medium_large\" alt=\"\" \/>            <\/div>\r\n            <div class=\"bii-card-meta\">\r\n                <div class=\"bii-provider-logo\"><img loading=\"lazy\" decoding=\"async\" width=\"512\" height=\"512\" src=\"https:\/\/isil.pe\/beneficios\/wp-content\/uploads\/2026\/04\/ESSENCE-3-5.png\" class=\"attachment-full size-full\" alt=\"\" \/><\/div>\r\n                <h3>ESSENCE Protein bar<\/h3>\r\n            <\/div>\r\n        <\/a>\r\n                <a class=\"bii-card\" href=\"https:\/\/isil.pe\/beneficios\/beneficio\/punto-italiano\/\">\r\n            <div class=\"bii-image-wrap\">\r\n                                <img loading=\"lazy\" decoding=\"async\" width=\"768\" height=\"1024\" src=\"https:\/\/isil.pe\/beneficios\/wp-content\/uploads\/2026\/04\/WhatsApp-Image-2026-04-13-at-12.20.01-768x1024.jpeg\" class=\"attachment-medium_large size-medium_large\" alt=\"\" \/>            <\/div>\r\n            <div class=\"bii-card-meta\">\r\n                <div class=\"bii-provider-logo\"><img loading=\"lazy\" decoding=\"async\" width=\"1310\" height=\"730\" src=\"https:\/\/isil.pe\/beneficios\/wp-content\/uploads\/2026\/04\/Logo-Punto-Italiano.jpeg\" class=\"attachment-full size-full\" alt=\"\" \/><\/div>\r\n                <h3>Punto Italiano<\/h3>\r\n            <\/div>\r\n        <\/a>\r\n        <\/div><\/div>\n\t\t\t\t\t\t<\/div>\n\t\t\t\t<\/div>\n\t\t\t\t\t<\/div>\n\t\t\t\t<\/div>\n\t\t<div class=\"elementor-element elementor-element-e411fb9 e-flex e-con-boxed e-con e-parent\" data-id=\"e411fb9\" data-element_type=\"container\" data-e-type=\"container\" data-settings=\"{&quot;background_background&quot;:&quot;classic&quot;}\">\n\t\t\t\t\t<div class=\"e-con-inner\">\n\t\t<div class=\"elementor-element elementor-element-58b9574 e-con-full e-flex e-con e-child\" data-id=\"58b9574\" data-element_type=\"container\" data-e-type=\"container\" data-settings=\"{&quot;background_background&quot;:&quot;classic&quot;}\">\n\t\t<div class=\"elementor-element elementor-element-fc19168 e-con-full e-flex e-con e-child\" data-id=\"fc19168\" data-element_type=\"container\" data-e-type=\"container\">\n\t\t\t\t<div class=\"elementor-element elementor-element-c631c6f elementor-widget elementor-widget-heading\" data-id=\"c631c6f\" data-element_type=\"widget\" data-e-type=\"widget\" data-widget_type=\"heading.default\">\n\t\t\t\t<div class=\"elementor-widget-container\">\n\t\t\t\t\t<div class=\"elementor-heading-title elementor-size-default\">\u00bfA\u00daN NO ERES ALUMNO?<\/div>\t\t\t\t<\/div>\n\t\t\t\t<\/div>\n\t\t<div class=\"elementor-element elementor-element-7d49fae e-con-full e-flex e-con e-child\" data-id=\"7d49fae\" data-element_type=\"container\" data-e-type=\"container\">\n\t\t\t\t<div class=\"elementor-element elementor-element-6d5beef elementor-widget elementor-widget-heading\" data-id=\"6d5beef\" data-element_type=\"widget\" data-e-type=\"widget\" data-widget_type=\"heading.default\">\n\t\t\t\t<div class=\"elementor-widget-container\">\n\t\t\t\t\t<div class=\"elementor-heading-title elementor-size-default\">MATRIC\u00daLATE Y ACCEDE A<\/div>\t\t\t\t<\/div>\n\t\t\t\t<\/div>\n\t\t\t\t<div class=\"elementor-element elementor-element-8c309f8 elementor-widget elementor-widget-heading\" data-id=\"8c309f8\" data-element_type=\"widget\" data-e-type=\"widget\" data-widget_type=\"heading.default\">\n\t\t\t\t<div class=\"elementor-widget-container\">\n\t\t\t\t\t<div class=\"elementor-heading-title elementor-size-default\">TODOS ESTOS BENEFICIOS<\/div>\t\t\t\t<\/div>\n\t\t\t\t<\/div>\n\t\t\t\t<\/div>\n\t\t\t\t<div class=\"elementor-element elementor-element-bdd40e7 elementor-widget elementor-widget-heading\" data-id=\"bdd40e7\" data-element_type=\"widget\" data-e-type=\"widget\" data-widget_type=\"heading.default\">\n\t\t\t\t<div class=\"elementor-widget-container\">\n\t\t\t\t\t<div class=\"elementor-heading-title elementor-size-default\">Descuentos y convenios exclusivos desde tu primera matr\u00edcula.<\/div>\t\t\t\t<\/div>\n\t\t\t\t<\/div>\n\t\t\t\t<\/div>\n\t\t<div class=\"elementor-element elementor-element-c4484a0 e-con-full e-flex e-con e-child\" data-id=\"c4484a0\" data-element_type=\"container\" data-e-type=\"container\">\n\t\t\t\t<div class=\"elementor-element elementor-element-6233a6b elementor-widget elementor-widget-button\" data-id=\"6233a6b\" data-element_type=\"widget\" data-e-type=\"widget\" data-widget_type=\"button.default\">\n\t\t\t\t<div class=\"elementor-widget-container\">\n\t\t\t\t\t\t\t\t\t<div class=\"elementor-button-wrapper\">\n\t\t\t\t\t<a class=\"elementor-button elementor-button-link elementor-size-sm\" href=\"#elementor-action%3Aaction%3Dpopup%3Aopen%26settings%3DeyJpZCI6IjQ4ODciLCJ0b2dnbGUiOmZhbHNlfQ%3D%3D\">\n\t\t\t\t\t\t<span class=\"elementor-button-content-wrapper\">\n\t\t\t\t\t\t\t\t\t<span class=\"elementor-button-text\">QUIERO POSTULAR<\/span>\n\t\t\t\t\t<\/span>\n\t\t\t\t\t<\/a>\n\t\t\t\t<\/div>\n\t\t\t\t\t\t\t\t<\/div>\n\t\t\t\t<\/div>\n\t\t\t\t<\/div>\n\t\t\t\t<\/div>\n\t\t\t\t\t<\/div>\n\t\t\t\t<\/div>\n\t\t<div class=\"elementor-element elementor-element-9e5e387 e-flex e-con-boxed e-con e-parent\" data-id=\"9e5e387\" data-element_type=\"container\" data-e-type=\"container\">\n\t\t\t\t\t<div class=\"e-con-inner\">\n\t\t\t\t<div class=\"elementor-element elementor-element-48df977 elementor-widget elementor-widget-heading\" data-id=\"48df977\" data-element_type=\"widget\" data-e-type=\"widget\" data-widget_type=\"heading.default\">\n\t\t\t\t<div class=\"elementor-widget-container\">\n\t\t\t\t\t<h2 class=\"elementor-heading-title elementor-size-default\">Categor\u00edas<\/h2>\t\t\t\t<\/div>\n\t\t\t\t<\/div>\n\t\t\t\t<div class=\"elementor-element elementor-element-05b62a6 elementor-widget elementor-widget-shortcode\" data-id=\"05b62a6\" data-element_type=\"widget\" data-e-type=\"widget\" data-widget_type=\"shortcode.default\">\n\t\t\t\t<div class=\"elementor-widget-container\">\n\t\t\t\t\t\t\t<div class=\"elementor-shortcode\">        <div class=\"bii-categories-tabs\" data-view=\"tabs\">\r\n            <div class=\"bii-tabs-slider\">\r\n                <button type=\"button\" class=\"bii-tabs-arrow bii-tabs-arrow--prev\" aria-label=\"Categor\u00edas anteriores\">\r\n                    <span aria-hidden=\"true\">\u2039<\/span>\r\n                <\/button>\r\n                <div class=\"bii-tabs-head\">\r\n                                                                    <button type=\"button\" class=\"bii-tab-btn is-active\" data-term=\"93\">\r\n                            <span class=\"bii-icon-circle\">\r\n                                                                    <span class=\"fas fa-pump-soap\"><\/span>\r\n                                                            <\/span>\r\n                            <span class=\"bii-tab-btn__label\">Belleza y Cosm\u00e9tica<\/span>\r\n                        <\/button>\r\n                                                                    <button type=\"button\" class=\"bii-tab-btn \" data-term=\"94\">\r\n                            <span class=\"bii-icon-circle\">\r\n                                                                    <span class=\"fas fa-hamburger\"><\/span>\r\n                                                            <\/span>\r\n                            <span class=\"bii-tab-btn__label\">Comida<\/span>\r\n                        <\/button>\r\n                                                                    <button type=\"button\" class=\"bii-tab-btn \" data-term=\"96\">\r\n                            <span class=\"bii-icon-circle\">\r\n                                                                    <span class=\"fas fa-user-graduate\"><\/span>\r\n                                                            <\/span>\r\n                            <span class=\"bii-tab-btn__label\">Educaci\u00f3n<\/span>\r\n                        <\/button>\r\n                                                                    <button type=\"button\" class=\"bii-tab-btn \" data-term=\"97\">\r\n                            <span class=\"bii-icon-circle\">\r\n                                                                    <span class=\"fas fa-volleyball-ball\"><\/span>\r\n                                                            <\/span>\r\n                            <span class=\"bii-tab-btn__label\">Entretenimiento<\/span>\r\n                        <\/button>\r\n                                                                    <button type=\"button\" class=\"bii-tab-btn \" data-term=\"99\">\r\n                            <span class=\"bii-icon-circle\">\r\n                                                                    <span class=\"fas fa-shopping-bag\"><\/span>\r\n                                                            <\/span>\r\n                            <span class=\"bii-tab-btn__label\">Ropa y Accesorios<\/span>\r\n                        <\/button>\r\n                                    <\/div>\r\n                <button type=\"button\" class=\"bii-tabs-arrow bii-tabs-arrow--next\" aria-label=\"Categor\u00edas siguientes\">\r\n                    <span aria-hidden=\"true\">\u203a<\/span>\r\n                <\/button>\r\n            <\/div>\r\n            <div class=\"bii-tab-content\"><\/div>\r\n            <div class=\"bii-pagination\"><\/div>\r\n        <\/div>\r\n        <\/div>\n\t\t\t\t\t\t<\/div>\n\t\t\t\t<\/div>\n\t\t\t\t\t<\/div>\n\t\t\t\t<\/div>\n\t\t\t\t<\/div>\n\t\t","protected":false},"excerpt":{"rendered":"<p>Beneficios destacados \u00bfA\u00daN NO ERES ALUMNO? MATRIC\u00daLATE Y ACCEDE A TODOS ESTOS BENEFICIOS Descuentos y convenios exclusivos desde tu primera matr\u00edcula. QUIERO POSTULAR Categor\u00edas<\/p>\n","protected":false},"author":3,"featured_media":0,"parent":0,"menu_order":0,"comment_status":"closed","ping_status":"closed","template":"elementor_header_footer","meta":{"_acf_changed":false,"footnotes":""},"class_list":["post-4945","page","type-page","status-publish","hentry"],"acf":[],"_links":{"self":[{"href":"https:\/\/isil.pe\/beneficios\/wp-json\/wp\/v2\/pages\/4945","targetHints":{"allow":["GET"]}}],"collection":[{"href":"https:\/\/isil.pe\/beneficios\/wp-json\/wp\/v2\/pages"}],"about":[{"href":"https:\/\/isil.pe\/beneficios\/wp-json\/wp\/v2\/types\/page"}],"author":[{"embeddable":true,"href":"https:\/\/isil.pe\/beneficios\/wp-json\/wp\/v2\/users\/3"}],"replies":[{"embeddable":true,"href":"https:\/\/isil.pe\/beneficios\/wp-json\/wp\/v2\/comments?post=4945"}],"version-history":[{"count":73,"href":"https:\/\/isil.pe\/beneficios\/wp-json\/wp\/v2\/pages\/4945\/revisions"}],"predecessor-version":[{"id":5450,"href":"https:\/\/isil.pe\/beneficios\/wp-json\/wp\/v2\/pages\/4945\/revisions\/5450"}],"wp:attachment":[{"href":"https:\/\/isil.pe\/beneficios\/wp-json\/wp\/v2\/media?parent=4945"}],"curies":[{"name":"wp","href":"https:\/\/api.w.org\/{rel}","templated":true}]}}